{"id":1368,"date":"2025-01-22T20:15:35","date_gmt":"2025-01-22T19:15:35","guid":{"rendered":"https:\/\/sportimgroup.com\/?page_id=1368"},"modified":"2025-10-09T17:32:07","modified_gmt":"2025-10-09T16:32:07","slug":"becas-eeuu","status":"publish","type":"page","link":"https:\/\/sportimgroup.com\/en\/becas-eeuu\/","title":{"rendered":"BECAS EEUU"},"content":{"rendered":"<div data-elementor-type=\"wp-page\" data-elementor-id=\"1368\" class=\"elementor elementor-1368\" data-elementor-post-type=\"page\">\n\t\t\t\t\t\t<section class=\"elementor-section elementor-top-section elementor-element elementor-element-166a1bd elementor-section-boxed elementor-section-height-default elementor-section-height-default\" data-id=\"166a1bd\" data-element_type=\"section\" data-settings=\"{&quot;background_background&quot;:&quot;classic&quot;}\">\n\t\t\t\t\t\t<div class=\"elementor-container elementor-column-gap-default\">\n\t\t\t\t\t<div class=\"elementor-column elementor-col-100 elementor-top-column elementor-element elementor-element-dab7413\" data-id=\"dab7413\" data-element_type=\"column\">\n\t\t\t<div class=\"elementor-widget-wrap elementor-element-populated\">\n\t\t\t\t\t\t<div class=\"elementor-element elementor-element-258f96f elementor-widget elementor-widget-heading\" data-id=\"258f96f\" data-element_type=\"widget\" data-widget_type=\"heading.default\">\n\t\t\t\t<div class=\"elementor-widget-container\">\n\t\t\t\t\t<h1 class=\"elementor-heading-title elementor-size-default\">VENTAJAS DE ESTUDIAR EN USA<\/h1>\t\t\t\t<\/div>\n\t\t\t\t<\/div>\n\t\t\t\t\t<\/div>\n\t\t<\/div>\n\t\t\t\t\t<\/div>\n\t\t<\/section>\n\t\t\t\t<section class=\"elementor-section elementor-top-section elementor-element elementor-element-a0caaaf elementor-section-height-min-height elementor-section-content-middle elementor-section-items-stretch elementor-section-boxed elementor-section-height-default\" data-id=\"a0caaaf\" data-element_type=\"section\" data-settings=\"{&quot;background_background&quot;:&quot;classic&quot;,&quot;background_motion_fx_motion_fx_scrolling&quot;:&quot;yes&quot;,&quot;background_motion_fx_translateY_effect&quot;:&quot;yes&quot;,&quot;background_motion_fx_devices&quot;:[&quot;desktop&quot;],&quot;background_motion_fx_range&quot;:&quot;page&quot;,&quot;background_motion_fx_translateY_speed&quot;:{&quot;unit&quot;:&quot;px&quot;,&quot;size&quot;:4,&quot;sizes&quot;:[]},&quot;background_motion_fx_translateY_affectedRange&quot;:{&quot;unit&quot;:&quot;%&quot;,&quot;size&quot;:&quot;&quot;,&quot;sizes&quot;:{&quot;start&quot;:0,&quot;end&quot;:100}}}\">\n\t\t\t\t\t\t<div class=\"elementor-container elementor-column-gap-default\">\n\t\t\t\t\t<div class=\"elementor-column elementor-col-50 elementor-top-column elementor-element elementor-element-2bab292c\" data-id=\"2bab292c\" data-element_type=\"column\">\n\t\t\t<div class=\"elementor-widget-wrap elementor-element-populated\">\n\t\t\t\t\t\t<div class=\"elementor-element elementor-element-4779d1ef elementor-widget elementor-widget-heading\" data-id=\"4779d1ef\" data-element_type=\"widget\" data-widget_type=\"heading.default\">\n\t\t\t\t<div class=\"elementor-widget-container\">\n\t\t\t\t\t<h2 class=\"elementor-heading-title elementor-size-default\">PRIMEROS PASOS para una beca en eeuu<\/h2>\t\t\t\t<\/div>\n\t\t\t\t<\/div>\n\t\t\t\t<div class=\"elementor-element elementor-element-6cb12b4e elementor-widget-divider--view-line elementor-widget elementor-widget-divider\" data-id=\"6cb12b4e\" data-element_type=\"widget\" data-widget_type=\"divider.default\">\n\t\t\t\t<div class=\"elementor-widget-container\">\n\t\t\t\t\t\t\t<div class=\"elementor-divider\">\n\t\t\t<span class=\"elementor-divider-separator\">\n\t\t\t\t\t\t<\/span>\n\t\t<\/div>\n\t\t\t\t\t\t<\/div>\n\t\t\t\t<\/div>\n\t\t\t\t<div class=\"elementor-element elementor-element-58c97f9c elementor-widget elementor-widget-text-editor\" data-id=\"58c97f9c\" data-element_type=\"widget\" data-widget_type=\"text-editor.default\">\n\t\t\t\t<div class=\"elementor-widget-container\">\n\t\t\t\t\t\t\t\t\t<p>Comenzamos con una evaluaci\u00f3n previa personalizada para cada deportista,<br \/>asegur\u00e1ndonos de que sus niveles competitivos sean adecuados<\/p><p>para entrenadores universitarios, utilizando nuestras herramientas y redes<br \/>de entrenadores, entre otras, para proporcionarles la exposici\u00f3n necesaria a<br \/>instituciones acad\u00e9micas de todo el pa\u00eds.<\/p><p>\u00a0<\/p><p>Te acompa\u00f1amos junto a tu familia en cada etapa del proceso: desde la<br \/>promoci\u00f3n y el reclutamiento hasta el cumplimiento de los requisitos<br \/>acad\u00e9micos y burocr\u00e1ticos, las entrevistas y mucho m\u00e1s.<\/p>\t\t\t\t\t\t\t\t<\/div>\n\t\t\t\t<\/div>\n\t\t\t\t\t<\/div>\n\t\t<\/div>\n\t\t\t\t<div class=\"elementor-column elementor-col-50 elementor-top-column elementor-element elementor-element-7d5c710d\" data-id=\"7d5c710d\" data-element_type=\"column\" data-settings=\"{&quot;background_background&quot;:&quot;classic&quot;}\">\n\t\t\t<div class=\"elementor-widget-wrap elementor-element-populated\">\n\t\t\t\t\t\t<div class=\"elementor-element elementor-element-2d94eb9b elementor-widget elementor-widget-spacer\" data-id=\"2d94eb9b\" data-element_type=\"widget\" data-widget_type=\"spacer.default\">\n\t\t\t\t<div class=\"elementor-widget-container\">\n\t\t\t\t\t\t\t<div class=\"elementor-spacer\">\n\t\t\t<div class=\"elementor-spacer-inner\"><\/div>\n\t\t<\/div>\n\t\t\t\t\t\t<\/div>\n\t\t\t\t<\/div>\n\t\t\t\t\t<\/div>\n\t\t<\/div>\n\t\t\t\t\t<\/div>\n\t\t<\/section>\n\t\t\t\t<section class=\"elementor-section elementor-top-section elementor-element elementor-element-1b14840c elementor-section-height-min-height elementor-section-content-middle elementor-section-items-stretch elementor-reverse-tablet elementor-reverse-mobile elementor-section-boxed elementor-section-height-default\" data-id=\"1b14840c\" data-element_type=\"section\">\n\t\t\t\t\t\t<div class=\"elementor-container elementor-column-gap-default\">\n\t\t\t\t\t<div class=\"elementor-column elementor-col-50 elementor-top-column elementor-element elementor-element-7b3dda8e\" data-id=\"7b3dda8e\" data-element_type=\"column\" data-settings=\"{&quot;background_background&quot;:&quot;classic&quot;}\">\n\t\t\t<div class=\"elementor-widget-wrap elementor-element-populated\">\n\t\t\t\t\t\t<div class=\"elementor-element elementor-element-6649f558 elementor-widget__width-initial elementor-absolute elementor-widget-tablet__width-initial elementor-widget elementor-widget-image\" data-id=\"6649f558\" data-element_type=\"widget\" data-settings=\"{&quot;_position&quot;:&quot;absolute&quot;,&quot;motion_fx_motion_fx_scrolling&quot;:&quot;yes&quot;,&quot;motion_fx_translateY_effect&quot;:&quot;yes&quot;,&quot;motion_fx_translateY_speed&quot;:{&quot;unit&quot;:&quot;px&quot;,&quot;size&quot;:&quot;2&quot;,&quot;sizes&quot;:[]},&quot;motion_fx_devices&quot;:[&quot;desktop&quot;,&quot;tablet&quot;],&quot;motion_fx_translateY_affectedRange&quot;:{&quot;unit&quot;:&quot;%&quot;,&quot;size&quot;:&quot;&quot;,&quot;sizes&quot;:{&quot;start&quot;:0,&quot;end&quot;:100}}}\" data-widget_type=\"image.default\">\n\t\t\t\t<div class=\"elementor-widget-container\">\n\t\t\t\t\t\t\t\t\t\t\t\t\t\t\t<img fetchpriority=\"high\" decoding=\"async\" width=\"316\" height=\"566\" src=\"https:\/\/sportimgroup.com\/wp-content\/uploads\/2025\/02\/AboutPage-ChefSection-Shape.png\" class=\"attachment-full size-full wp-image-1438\" alt=\"\" srcset=\"https:\/\/sportimgroup.com\/wp-content\/uploads\/2025\/02\/AboutPage-ChefSection-Shape.png 316w, https:\/\/sportimgroup.com\/wp-content\/uploads\/2025\/02\/AboutPage-ChefSection-Shape-167x300.png 167w, https:\/\/sportimgroup.com\/wp-content\/uploads\/2025\/02\/AboutPage-ChefSection-Shape-7x12.png 7w\" sizes=\"(max-width: 316px) 100vw, 316px\" \/>\t\t\t\t\t\t\t\t\t\t\t\t\t\t\t<\/div>\n\t\t\t\t<\/div>\n\t\t\t\t<div class=\"elementor-element elementor-element-59953301 elementor-widget elementor-widget-spacer\" data-id=\"59953301\" data-element_type=\"widget\" data-widget_type=\"spacer.default\">\n\t\t\t\t<div class=\"elementor-widget-container\">\n\t\t\t\t\t\t\t<div class=\"elementor-spacer\">\n\t\t\t<div class=\"elementor-spacer-inner\"><\/div>\n\t\t<\/div>\n\t\t\t\t\t\t<\/div>\n\t\t\t\t<\/div>\n\t\t\t\t\t<\/div>\n\t\t<\/div>\n\t\t\t\t<div class=\"elementor-column elementor-col-50 elementor-top-column elementor-element elementor-element-3fa7532f\" data-id=\"3fa7532f\" data-element_type=\"column\">\n\t\t\t<div class=\"elementor-widget-wrap elementor-element-populated\">\n\t\t\t\t\t\t<div class=\"elementor-element elementor-element-63940936 elementor-widget elementor-widget-heading\" data-id=\"63940936\" data-element_type=\"widget\" data-widget_type=\"heading.default\">\n\t\t\t\t<div class=\"elementor-widget-container\">\n\t\t\t\t\t<h2 class=\"elementor-heading-title elementor-size-default\">lo m\u00e1s importante antes de ir a eeuu<\/h2>\t\t\t\t<\/div>\n\t\t\t\t<\/div>\n\t\t\t\t<div class=\"elementor-element elementor-element-2ce58629 elementor-widget-divider--view-line elementor-widget elementor-widget-divider\" data-id=\"2ce58629\" data-element_type=\"widget\" data-widget_type=\"divider.default\">\n\t\t\t\t<div class=\"elementor-widget-container\">\n\t\t\t\t\t\t\t<div class=\"elementor-divider\">\n\t\t\t<span class=\"elementor-divider-separator\">\n\t\t\t\t\t\t<\/span>\n\t\t<\/div>\n\t\t\t\t\t\t<\/div>\n\t\t\t\t<\/div>\n\t\t\t\t<div class=\"elementor-element elementor-element-7953ba0d elementor-widget elementor-widget-text-editor\" data-id=\"7953ba0d\" data-element_type=\"widget\" data-widget_type=\"text-editor.default\">\n\t\t\t\t<div class=\"elementor-widget-container\">\n\t\t\t\t\t\t\t\t\t<p>Tenemos una red de entrenadores y universidades inigualable por todo EEUU, con m\u00e1s de 50.000 entrenadores y sus contactos no publicados.\u00a0<\/p><p>\u00a0<\/p><p>\u00a0A diario hablamos con entrenadores promocionando nuestros deportistas y recibiendo peticiones directas de entrenadores sobre sus necesidades.\u00a0<\/p><p>\u00a0<\/p><p>\u00a0Si los entrenadores no te conocen, no te pueden reclutar.<\/p>\t\t\t\t\t\t\t\t<\/div>\n\t\t\t\t<\/div>\n\t\t\t\t\t<\/div>\n\t\t<\/div>\n\t\t\t\t\t<\/div>\n\t\t<\/section>\n\t\t\t\t<section class=\"elementor-section elementor-top-section elementor-element elementor-element-611a8b92 elementor-section-height-min-height elementor-section-items-stretch elementor-section-content-middle elementor-section-boxed elementor-section-height-default\" data-id=\"611a8b92\" data-element_type=\"section\">\n\t\t\t\t\t\t<div class=\"elementor-container elementor-column-gap-default\">\n\t\t\t\t\t<div class=\"elementor-column elementor-col-100 elementor-top-column elementor-element elementor-element-67f2bb07\" data-id=\"67f2bb07\" data-element_type=\"column\" data-settings=\"{&quot;background_background&quot;:&quot;classic&quot;}\">\n\t\t\t<div class=\"elementor-widget-wrap elementor-element-populated\">\n\t\t\t\t\t\t<div class=\"elementor-element elementor-element-66f2026e elementor-widget__width-initial elementor-widget elementor-widget-heading\" data-id=\"66f2026e\" data-element_type=\"widget\" data-widget_type=\"heading.default\">\n\t\t\t\t<div class=\"elementor-widget-container\">\n\t\t\t\t\t<h2 class=\"elementor-heading-title elementor-size-default\">Para m\u00e1s informaci\u00f3n env\u00edanos tu email y nos pondremos en contacto contigo<\/h2>\t\t\t\t<\/div>\n\t\t\t\t<\/div>\n\t\t\t\t<div class=\"elementor-element elementor-element-624f3503 elementor-button-align-stretch elementor-widget elementor-widget-form\" data-id=\"624f3503\" data-element_type=\"widget\" data-settings=\"{&quot;button_width&quot;:&quot;33&quot;,&quot;step_next_label&quot;:&quot;Siguiente&quot;,&quot;step_previous_label&quot;:&quot;Anterior&quot;,&quot;step_type&quot;:&quot;number_text&quot;,&quot;step_icon_shape&quot;:&quot;circle&quot;}\" data-widget_type=\"form.default\">\n\t\t\t\t<div class=\"elementor-widget-container\">\n\t\t\t\t\t\t\t<form class=\"elementor-form\" method=\"post\" name=\"Newsletter\" action=\"\">\n\t\t\t<input type=\"hidden\" name=\"post_id\" value=\"1368\"\/>\n\t\t\t<input type=\"hidden\" name=\"form_id\" value=\"624f3503\"\/>\n\t\t\t<input type=\"hidden\" name=\"referer_title\" value=\"Becas en EEUU para estudiar- Sportim group\" \/>\n\n\t\t\t\t\t\t\t<input type=\"hidden\" name=\"queried_id\" value=\"1368\"\/>\n\t\t\t\n\t\t\t<div class=\"elementor-form-fields-wrapper elementor-labels-\">\n\t\t\t\t\t\t\t\t<div class=\"elementor-field-type-email elementor-field-group elementor-column elementor-field-group-email elementor-col-100 elementor-field-required\">\n\t\t\t\t\t\t\t\t\t\t\t\t<label for=\"form-field-email\" class=\"elementor-field-label elementor-screen-only\">\n\t\t\t\t\t\t\t\tEmail\t\t\t\t\t\t\t<\/label>\n\t\t\t\t\t\t\t\t\t\t\t\t\t\t<input size=\"1\" type=\"email\" name=\"form_fields[email]\" id=\"form-field-email\" class=\"elementor-field elementor-size-sm  elementor-field-textual\" placeholder=\"Email\" required=\"required\" aria-required=\"true\">\n\t\t\t\t\t\t\t\t\t\t\t<\/div>\n\t\t\t\t\t\t\t\t<div class=\"elementor-field-type-acceptance elementor-field-group elementor-column elementor-field-group-field_5e77386 elementor-col-66\">\n\t\t\t\t\t\t\t<div class=\"elementor-field-subgroup\">\n\t\t\t<span class=\"elementor-field-option\">\n\t\t\t\t<input type=\"checkbox\" name=\"form_fields[field_5e77386]\" id=\"form-field-field_5e77386\" class=\"elementor-field elementor-size-sm  elementor-acceptance-field\">\n\t\t\t\t<label for=\"form-field-field_5e77386\"><a href=\"https:\/\/sportimgroup.com\/en\/politica-de-privacidad\/\" style=\"color: white;\">He le\u00eddo y acepto la Pol\u00edtica de privacidad<\/a<\/label>\t\t\t<\/span>\n\t\t<\/div>\n\t\t\t\t\t\t<\/div>\n\t\t\t\t\t\t\t\t<div class=\"elementor-field-group elementor-column elementor-field-type-submit elementor-col-33 e-form__buttons\">\n\t\t\t\t\t<button class=\"elementor-button elementor-size-sm\" type=\"submit\">\n\t\t\t\t\t\t<span class=\"elementor-button-content-wrapper\">\n\t\t\t\t\t\t\t\t\t\t\t\t\t\t\t\t\t\t\t\t\t\t<span class=\"elementor-button-text\">\u00a1Quiero saber m\u00e1s!<\/span>\n\t\t\t\t\t\t\t\t\t\t\t\t\t<\/span>\n\t\t\t\t\t<\/button>\n\t\t\t\t<\/div>\n\t\t\t<\/div>\n\t\t<input type=\"hidden\" name=\"trp-form-language\" value=\"en\"\/><\/form>\n\t\t\t\t\t\t<\/div>\n\t\t\t\t<\/div>\n\t\t\t\t\t<\/div>\n\t\t<\/div>\n\t\t\t\t\t<\/div>\n\t\t<\/section>\n\t\t\t\t<\/div>","protected":false},"excerpt":{"rendered":"<p>VENTAJAS DE ESTUDIAR EN USA PRIMEROS PASOS para una beca en eeuu Comenzamos con una evaluaci\u00f3n previa personalizada para cada deportista,asegur\u00e1ndonos de que sus niveles competitivos sean adecuados para entrenadores universitarios, utilizando nuestras herramientas y redesde entrenadores, entre otras, para proporcionarles la exposici\u00f3n necesaria ainstituciones acad\u00e9micas de todo el pa\u00eds. \u00a0 Te acompa\u00f1amos junto a [&hellip;]<\/p>","protected":false},"author":1,"featured_media":0,"parent":0,"menu_order":0,"comment_status":"closed","ping_status":"closed","template":"","meta":{"footnotes":""},"class_list":["post-1368","page","type-page","status-publish","hentry"],"yoast_head":"<!-- This site is optimized with the Yoast SEO plugin v25.8 - https:\/\/yoast.com\/wordpress\/plugins\/seo\/ -->\n<title>Becas en EEUU para estudiar- Sportim group<\/title>\n<meta name=\"description\" content=\"Becas en EEUU para estudiar, accediendo a entrenadores e instituciones acad\u00e9micas \u00fanicas de la mano de NSR y SportimGroup.\" \/>\n<meta name=\"robots\" content=\"index, follow, max-snippet:-1, max-image-preview:large, max-video-preview:-1\" \/>\n<link rel=\"canonical\" href=\"https:\/\/sportimgroup.com\/en\/becas-eeuu\/\" \/>\n<meta property=\"og:locale\" content=\"en_US\" \/>\n<meta property=\"og:type\" content=\"article\" \/>\n<meta property=\"og:title\" content=\"Becas en EEUU para estudiar- Sportim group\" \/>\n<meta property=\"og:description\" content=\"Becas en EEUU para estudiar, accediendo a entrenadores e instituciones acad\u00e9micas \u00fanicas de la mano de NSR y SportimGroup.\" \/>\n<meta property=\"og:url\" content=\"https:\/\/sportimgroup.com\/en\/becas-eeuu\/\" \/>\n<meta property=\"og:site_name\" content=\"Sportim group\" \/>\n<meta property=\"article:modified_time\" content=\"2025-10-09T16:32:07+00:00\" \/>\n<meta property=\"og:image\" content=\"https:\/\/sportimgroup.com\/wp-content\/uploads\/2025\/02\/AboutPage-ChefSection-Shape.png\" \/>\n\t<meta property=\"og:image:width\" content=\"316\" \/>\n\t<meta property=\"og:image:height\" content=\"566\" \/>\n\t<meta property=\"og:image:type\" content=\"image\/png\" \/>\n<meta name=\"twitter:card\" content=\"summary_large_image\" \/>\n<meta name=\"twitter:label1\" content=\"Est. reading time\" \/>\n\t<meta name=\"twitter:data1\" content=\"1 minute\" \/>\n<script type=\"application\/ld+json\" class=\"yoast-schema-graph\">{\"@context\":\"https:\/\/schema.org\",\"@graph\":[{\"@type\":\"WebPage\",\"@id\":\"https:\/\/sportimgroup.com\/becas-eeuu\/\",\"url\":\"https:\/\/sportimgroup.com\/becas-eeuu\/\",\"name\":\"Becas en EEUU para estudiar- Sportim group\",\"isPartOf\":{\"@id\":\"https:\/\/sportimgroup.com\/#website\"},\"primaryImageOfPage\":{\"@id\":\"https:\/\/sportimgroup.com\/becas-eeuu\/#primaryimage\"},\"image\":{\"@id\":\"https:\/\/sportimgroup.com\/becas-eeuu\/#primaryimage\"},\"thumbnailUrl\":\"https:\/\/sportimgroup.com\/wp-content\/uploads\/2025\/02\/AboutPage-ChefSection-Shape.png\",\"datePublished\":\"2025-01-22T19:15:35+00:00\",\"dateModified\":\"2025-10-09T16:32:07+00:00\",\"description\":\"Becas en EEUU para estudiar, accediendo a entrenadores e instituciones acad\u00e9micas \u00fanicas de la mano de NSR y SportimGroup.\",\"breadcrumb\":{\"@id\":\"https:\/\/sportimgroup.com\/becas-eeuu\/#breadcrumb\"},\"inLanguage\":\"en-US\",\"potentialAction\":[{\"@type\":\"ReadAction\",\"target\":[\"https:\/\/sportimgroup.com\/becas-eeuu\/\"]}]},{\"@type\":\"ImageObject\",\"inLanguage\":\"en-US\",\"@id\":\"https:\/\/sportimgroup.com\/becas-eeuu\/#primaryimage\",\"url\":\"https:\/\/sportimgroup.com\/wp-content\/uploads\/2025\/02\/AboutPage-ChefSection-Shape.png\",\"contentUrl\":\"https:\/\/sportimgroup.com\/wp-content\/uploads\/2025\/02\/AboutPage-ChefSection-Shape.png\"},{\"@type\":\"BreadcrumbList\",\"@id\":\"https:\/\/sportimgroup.com\/becas-eeuu\/#breadcrumb\",\"itemListElement\":[{\"@type\":\"ListItem\",\"position\":1,\"name\":\"Portada\",\"item\":\"https:\/\/sportimgroup.com\/\"},{\"@type\":\"ListItem\",\"position\":2,\"name\":\"BECAS EEUU\"}]},{\"@type\":\"WebSite\",\"@id\":\"https:\/\/sportimgroup.com\/#website\",\"url\":\"https:\/\/sportimgroup.com\/\",\"name\":\"Sportim Group\",\"description\":\"Creaci&oacute;n y organizaci&oacute;n de eventos deportivos.\",\"publisher\":{\"@id\":\"https:\/\/sportimgroup.com\/#organization\"},\"potentialAction\":[{\"@type\":\"SearchAction\",\"target\":{\"@type\":\"EntryPoint\",\"urlTemplate\":\"https:\/\/sportimgroup.com\/?s={search_term_string}\"},\"query-input\":{\"@type\":\"PropertyValueSpecification\",\"valueRequired\":true,\"valueName\":\"search_term_string\"}}],\"inLanguage\":\"en-US\"},{\"@type\":\"Organization\",\"@id\":\"https:\/\/sportimgroup.com\/#organization\",\"name\":\"Sportim Group\",\"url\":\"https:\/\/sportimgroup.com\/\",\"logo\":{\"@type\":\"ImageObject\",\"inLanguage\":\"en-US\",\"@id\":\"https:\/\/sportimgroup.com\/#\/schema\/logo\/image\/\",\"url\":\"https:\/\/sportimgroup.com\/wp-content\/uploads\/2024\/11\/logo-sportim-group.png\",\"contentUrl\":\"https:\/\/sportimgroup.com\/wp-content\/uploads\/2024\/11\/logo-sportim-group.png\",\"width\":998,\"height\":238,\"caption\":\"Sportim Group\"},\"image\":{\"@id\":\"https:\/\/sportimgroup.com\/#\/schema\/logo\/image\/\"},\"sameAs\":[\"https:\/\/www.instagram.com\/sportimgroup\/\"]}]}<\/script>\n<!-- \/ Yoast SEO plugin. -->","yoast_head_json":{"title":"Becas en EEUU para estudiar- Sportim group","description":"Becas en EEUU para estudiar, accediendo a entrenadores e instituciones acad\u00e9micas \u00fanicas de la mano de NSR y SportimGroup.","robots":{"index":"index","follow":"follow","max-snippet":"max-snippet:-1","max-image-preview":"max-image-preview:large","max-video-preview":"max-video-preview:-1"},"canonical":"https:\/\/sportimgroup.com\/en\/becas-eeuu\/","og_locale":"en_US","og_type":"article","og_title":"Becas en EEUU para estudiar- Sportim group","og_description":"Becas en EEUU para estudiar, accediendo a entrenadores e instituciones acad\u00e9micas \u00fanicas de la mano de NSR y SportimGroup.","og_url":"https:\/\/sportimgroup.com\/en\/becas-eeuu\/","og_site_name":"Sportim group","article_modified_time":"2025-10-09T16:32:07+00:00","og_image":[{"width":316,"height":566,"url":"https:\/\/sportimgroup.com\/wp-content\/uploads\/2025\/02\/AboutPage-ChefSection-Shape.png","type":"image\/png"}],"twitter_card":"summary_large_image","twitter_misc":{"Est. reading time":"1 minute"},"schema":{"@context":"https:\/\/schema.org","@graph":[{"@type":"WebPage","@id":"https:\/\/sportimgroup.com\/becas-eeuu\/","url":"https:\/\/sportimgroup.com\/becas-eeuu\/","name":"Becas en EEUU para estudiar- Sportim group","isPartOf":{"@id":"https:\/\/sportimgroup.com\/#website"},"primaryImageOfPage":{"@id":"https:\/\/sportimgroup.com\/becas-eeuu\/#primaryimage"},"image":{"@id":"https:\/\/sportimgroup.com\/becas-eeuu\/#primaryimage"},"thumbnailUrl":"https:\/\/sportimgroup.com\/wp-content\/uploads\/2025\/02\/AboutPage-ChefSection-Shape.png","datePublished":"2025-01-22T19:15:35+00:00","dateModified":"2025-10-09T16:32:07+00:00","description":"Becas en EEUU para estudiar, accediendo a entrenadores e instituciones acad\u00e9micas \u00fanicas de la mano de NSR y SportimGroup.","breadcrumb":{"@id":"https:\/\/sportimgroup.com\/becas-eeuu\/#breadcrumb"},"inLanguage":"en-US","potentialAction":[{"@type":"ReadAction","target":["https:\/\/sportimgroup.com\/becas-eeuu\/"]}]},{"@type":"ImageObject","inLanguage":"en-US","@id":"https:\/\/sportimgroup.com\/becas-eeuu\/#primaryimage","url":"https:\/\/sportimgroup.com\/wp-content\/uploads\/2025\/02\/AboutPage-ChefSection-Shape.png","contentUrl":"https:\/\/sportimgroup.com\/wp-content\/uploads\/2025\/02\/AboutPage-ChefSection-Shape.png"},{"@type":"BreadcrumbList","@id":"https:\/\/sportimgroup.com\/becas-eeuu\/#breadcrumb","itemListElement":[{"@type":"ListItem","position":1,"name":"Portada","item":"https:\/\/sportimgroup.com\/"},{"@type":"ListItem","position":2,"name":"BECAS EEUU"}]},{"@type":"WebSite","@id":"https:\/\/sportimgroup.com\/#website","url":"https:\/\/sportimgroup.com\/","name":"Sportim Group","description":"Creaci&oacute;n y organizaci&oacute;n de eventos deportivos.","publisher":{"@id":"https:\/\/sportimgroup.com\/#organization"},"potentialAction":[{"@type":"SearchAction","target":{"@type":"EntryPoint","urlTemplate":"https:\/\/sportimgroup.com\/?s={search_term_string}"},"query-input":{"@type":"PropertyValueSpecification","valueRequired":true,"valueName":"search_term_string"}}],"inLanguage":"en-US"},{"@type":"Organization","@id":"https:\/\/sportimgroup.com\/#organization","name":"Sportim Group","url":"https:\/\/sportimgroup.com\/","logo":{"@type":"ImageObject","inLanguage":"en-US","@id":"https:\/\/sportimgroup.com\/#\/schema\/logo\/image\/","url":"https:\/\/sportimgroup.com\/wp-content\/uploads\/2024\/11\/logo-sportim-group.png","contentUrl":"https:\/\/sportimgroup.com\/wp-content\/uploads\/2024\/11\/logo-sportim-group.png","width":998,"height":238,"caption":"Sportim Group"},"image":{"@id":"https:\/\/sportimgroup.com\/#\/schema\/logo\/image\/"},"sameAs":["https:\/\/www.instagram.com\/sportimgroup\/"]}]}},"_links":{"self":[{"href":"https:\/\/sportimgroup.com\/en\/wp-json\/wp\/v2\/pages\/1368","targetHints":{"allow":["GET"]}}],"collection":[{"href":"https:\/\/sportimgroup.com\/en\/wp-json\/wp\/v2\/pages"}],"about":[{"href":"https:\/\/sportimgroup.com\/en\/wp-json\/wp\/v2\/types\/page"}],"author":[{"embeddable":true,"href":"https:\/\/sportimgroup.com\/en\/wp-json\/wp\/v2\/users\/1"}],"replies":[{"embeddable":true,"href":"https:\/\/sportimgroup.com\/en\/wp-json\/wp\/v2\/comments?post=1368"}],"version-history":[{"count":52,"href":"https:\/\/sportimgroup.com\/en\/wp-json\/wp\/v2\/pages\/1368\/revisions"}],"predecessor-version":[{"id":1963,"href":"https:\/\/sportimgroup.com\/en\/wp-json\/wp\/v2\/pages\/1368\/revisions\/1963"}],"wp:attachment":[{"href":"https:\/\/sportimgroup.com\/en\/wp-json\/wp\/v2\/media?parent=1368"}],"curies":[{"name":"wp","href":"https:\/\/api.w.org\/{rel}","templated":true}]}}