{"id":18,"date":"2024-10-28T13:14:31","date_gmt":"2024-10-28T13:14:31","guid":{"rendered":"https:\/\/sportimgroup.com\/?page_id=18"},"modified":"2024-11-21T22:21:31","modified_gmt":"2024-11-21T22:21:31","slug":"quienes-somos","status":"publish","type":"page","link":"https:\/\/sportimgroup.com\/en\/quienes-somos\/","title":{"rendered":"About us"},"content":{"rendered":"<div data-elementor-type=\"wp-page\" data-elementor-id=\"18\" class=\"elementor elementor-18\" data-elementor-post-type=\"page\">\n\t\t\t\t\t\t<section class=\"elementor-section elementor-top-section elementor-element elementor-element-b4ac051 elementor-section-height-min-height elementor-section-items-stretch elementor-section-content-middle elementor-reverse-mobile elementor-reverse-tablet elementor-section-boxed elementor-section-height-default\" data-id=\"b4ac051\" data-element_type=\"section\" data-settings=\"{&quot;background_background&quot;:&quot;classic&quot;,&quot;background_motion_fx_motion_fx_mouse&quot;:&quot;yes&quot;,&quot;background_motion_fx_mouseTrack_effect&quot;:&quot;yes&quot;,&quot;background_motion_fx_mouseTrack_speed&quot;:{&quot;unit&quot;:&quot;px&quot;,&quot;size&quot;:&quot;0.3&quot;,&quot;sizes&quot;:[]}}\">\n\t\t\t\t\t\t<div class=\"elementor-container elementor-column-gap-default\">\n\t\t\t\t\t<div class=\"elementor-column elementor-col-50 elementor-top-column elementor-element elementor-element-99a97bc\" data-id=\"99a97bc\" data-element_type=\"column\">\n\t\t\t<div class=\"elementor-widget-wrap elementor-element-populated\">\n\t\t\t\t\t\t<div class=\"elementor-element elementor-element-92c6377 elementor-widget elementor-widget-heading\" data-id=\"92c6377\" data-element_type=\"widget\" data-widget_type=\"heading.default\">\n\t\t\t\t<div class=\"elementor-widget-container\">\n\t\t\t\t\t<h1 class=\"elementor-heading-title elementor-size-default\">sportim group<\/h1>\t\t\t\t<\/div>\n\t\t\t\t<\/div>\n\t\t\t\t<div class=\"elementor-element elementor-element-33b2328 elementor-widget elementor-widget-heading\" data-id=\"33b2328\" data-element_type=\"widget\" data-widget_type=\"heading.default\">\n\t\t\t\t<div class=\"elementor-widget-container\">\n\t\t\t\t\t<h1 class=\"elementor-heading-title elementor-size-default\">A sports program for all ages and levels<\/h1>\t\t\t\t<\/div>\n\t\t\t\t<\/div>\n\t\t\t\t<div class=\"elementor-element elementor-element-4243b87 elementor-widget elementor-widget-text-editor\" data-id=\"4243b87\" data-element_type=\"widget\" data-widget_type=\"text-editor.default\">\n\t\t\t\t<div class=\"elementor-widget-container\">\n\t\t\t\t\t\t\t\t\t<p>Our basketball and athletics camps are aimed at young athletes who want to develop sports training. The objective is not only to develop technical skills, but to promote sporting values \u200b\u200bsuch as perseverance, respect and self-discipline, aspects that will shape the athlete as well as the person.<\/p>\t\t\t\t\t\t\t\t<\/div>\n\t\t\t\t<\/div>\n\t\t\t\t\t<\/div>\n\t\t<\/div>\n\t\t\t\t<div class=\"elementor-column elementor-col-50 elementor-top-column elementor-element elementor-element-f399a6b\" data-id=\"f399a6b\" data-element_type=\"column\">\n\t\t\t<div class=\"elementor-widget-wrap elementor-element-populated\">\n\t\t\t\t\t\t<div class=\"elementor-element elementor-element-30437df elementor-widget elementor-widget-image\" data-id=\"30437df\" data-element_type=\"widget\" data-settings=\"{&quot;motion_fx_motion_fx_mouse&quot;:&quot;yes&quot;,&quot;motion_fx_tilt_effect&quot;:&quot;yes&quot;,&quot;motion_fx_tilt_speed&quot;:{&quot;unit&quot;:&quot;px&quot;,&quot;size&quot;:&quot;1&quot;,&quot;sizes&quot;:[]},&quot;motion_fx_motion_fx_scrolling&quot;:&quot;yes&quot;,&quot;motion_fx_scale_effect&quot;:&quot;yes&quot;,&quot;motion_fx_scale_speed&quot;:{&quot;unit&quot;:&quot;px&quot;,&quot;size&quot;:&quot;2&quot;,&quot;sizes&quot;:[]},&quot;motion_fx_scale_direction&quot;:&quot;out-in&quot;,&quot;motion_fx_scale_range&quot;:{&quot;unit&quot;:&quot;%&quot;,&quot;size&quot;:&quot;&quot;,&quot;sizes&quot;:{&quot;start&quot;:20,&quot;end&quot;:80}},&quot;motion_fx_devices&quot;:[&quot;desktop&quot;,&quot;tablet&quot;,&quot;mobile&quot;]}\" data-widget_type=\"image.default\">\n\t\t\t\t<div class=\"elementor-widget-container\">\n\t\t\t\t\t\t\t\t\t\t\t\t\t\t\t<img fetchpriority=\"high\" decoding=\"async\" width=\"850\" height=\"360\" src=\"https:\/\/sportimgroup.com\/wp-content\/uploads\/2024\/11\/quienes-somos-4.jpg\" class=\"attachment-full size-full wp-image-1140\" alt=\"\" srcset=\"https:\/\/sportimgroup.com\/wp-content\/uploads\/2024\/11\/quienes-somos-4.jpg 850w, https:\/\/sportimgroup.com\/wp-content\/uploads\/2024\/11\/quienes-somos-4-300x127.jpg 300w, https:\/\/sportimgroup.com\/wp-content\/uploads\/2024\/11\/quienes-somos-4-768x325.jpg 768w\" sizes=\"(max-width: 850px) 100vw, 850px\" \/>\t\t\t\t\t\t\t\t\t\t\t\t\t\t\t<\/div>\n\t\t\t\t<\/div>\n\t\t\t\t<div class=\"elementor-element elementor-element-c84b061 elementor-widget__width-initial elementor-absolute elementor-widget-mobile__width-initial elementor-widget elementor-widget-image\" data-id=\"c84b061\" data-element_type=\"widget\" data-settings=\"{&quot;motion_fx_motion_fx_mouse&quot;:&quot;yes&quot;,&quot;motion_fx_mouseTrack_effect&quot;:&quot;yes&quot;,&quot;motion_fx_mouseTrack_direction&quot;:&quot;negative&quot;,&quot;motion_fx_mouseTrack_speed&quot;:{&quot;unit&quot;:&quot;px&quot;,&quot;size&quot;:&quot;0.2&quot;,&quot;sizes&quot;:[]},&quot;motion_fx_tilt_effect&quot;:&quot;yes&quot;,&quot;motion_fx_tilt_speed&quot;:{&quot;unit&quot;:&quot;px&quot;,&quot;size&quot;:&quot;0.3&quot;,&quot;sizes&quot;:[]},&quot;_position&quot;:&quot;absolute&quot;}\" data-widget_type=\"image.default\">\n\t\t\t\t<div class=\"elementor-widget-container\">\n\t\t\t\t\t\t\t\t\t\t\t\t\t\t\t<img decoding=\"async\" width=\"173\" height=\"187\" src=\"https:\/\/sportimgroup.com\/wp-content\/uploads\/2024\/11\/afterSchool-hero-graphic2.png\" class=\"attachment-large size-large wp-image-130\" alt=\"BasketLife Valencia\" \/>\t\t\t\t\t\t\t\t\t\t\t\t\t\t\t<\/div>\n\t\t\t\t<\/div>\n\t\t\t\t\t<\/div>\n\t\t<\/div>\n\t\t\t\t\t<\/div>\n\t\t<\/section>\n\t\t\t\t<section class=\"elementor-section elementor-top-section elementor-element elementor-element-92a9000 elementor-section-boxed elementor-section-height-default elementor-section-height-default\" data-id=\"92a9000\" data-element_type=\"section\">\n\t\t\t\t\t\t<div class=\"elementor-container elementor-column-gap-default\">\n\t\t\t\t\t<div class=\"elementor-column elementor-col-100 elementor-top-column elementor-element elementor-element-4c732a4\" data-id=\"4c732a4\" data-element_type=\"column\">\n\t\t\t<div class=\"elementor-widget-wrap elementor-element-populated\">\n\t\t\t\t\t\t<section class=\"elementor-section elementor-inner-section elementor-element elementor-element-2967f18 elementor-section-full_width elementor-section-height-min-height elementor-reverse-tablet elementor-reverse-mobile elementor-section-height-default\" data-id=\"2967f18\" data-element_type=\"section\">\n\t\t\t\t\t\t<div class=\"elementor-container elementor-column-gap-no\">\n\t\t\t\t\t<div class=\"elementor-column elementor-col-66 elementor-inner-column elementor-element elementor-element-45aecb5\" data-id=\"45aecb5\" data-element_type=\"column\" data-settings=\"{&quot;background_background&quot;:&quot;classic&quot;}\">\n\t\t\t<div class=\"elementor-widget-wrap elementor-element-populated\">\n\t\t\t\t\t<div class=\"elementor-background-overlay\"><\/div>\n\t\t\t\t\t\t<div class=\"elementor-element elementor-element-cf3c58c elementor-widget__width-auto elementor-absolute elementor-widget-mobile__width-initial elementor-widget-tablet__width-initial elementor-widget elementor-widget-image\" data-id=\"cf3c58c\" data-element_type=\"widget\" data-settings=\"{&quot;_position&quot;:&quot;absolute&quot;}\" data-widget_type=\"image.default\">\n\t\t\t\t<div class=\"elementor-widget-container\">\n\t\t\t\t\t\t\t\t\t\t\t\t\t\t\t<img decoding=\"async\" width=\"124\" height=\"122\" src=\"https:\/\/sportimgroup.com\/wp-content\/uploads\/2024\/11\/After-School-Program-graphic2.png\" class=\"attachment-large size-large wp-image-151\" alt=\"BasketLife Valencia\" \/>\t\t\t\t\t\t\t\t\t\t\t\t\t\t\t<\/div>\n\t\t\t\t<\/div>\n\t\t\t\t<div class=\"elementor-element elementor-element-ba17766 elementor-widget elementor-widget-image\" data-id=\"ba17766\" data-element_type=\"widget\" data-widget_type=\"image.default\">\n\t\t\t\t<div class=\"elementor-widget-container\">\n\t\t\t\t\t\t\t\t\t\t\t\t\t\t\t<img loading=\"lazy\" decoding=\"async\" width=\"800\" height=\"339\" src=\"https:\/\/sportimgroup.com\/wp-content\/uploads\/2024\/11\/quienes-somos-5-1.jpg\" class=\"attachment-large size-large wp-image-1148\" alt=\"\" srcset=\"https:\/\/sportimgroup.com\/wp-content\/uploads\/2024\/11\/quienes-somos-5-1.jpg 850w, https:\/\/sportimgroup.com\/wp-content\/uploads\/2024\/11\/quienes-somos-5-1-300x127.jpg 300w, https:\/\/sportimgroup.com\/wp-content\/uploads\/2024\/11\/quienes-somos-5-1-768x325.jpg 768w\" sizes=\"(max-width: 800px) 100vw, 800px\" \/>\t\t\t\t\t\t\t\t\t\t\t\t\t\t\t<\/div>\n\t\t\t\t<\/div>\n\t\t\t\t<div class=\"elementor-element elementor-element-5970185 elementor-widget__width-auto elementor-absolute elementor-widget-mobile__width-initial elementor-widget-tablet__width-initial elementor-widget elementor-widget-image\" data-id=\"5970185\" data-element_type=\"widget\" data-settings=\"{&quot;_position&quot;:&quot;absolute&quot;}\" data-widget_type=\"image.default\">\n\t\t\t\t<div class=\"elementor-widget-container\">\n\t\t\t\t\t\t\t\t\t\t\t\t\t\t\t<img loading=\"lazy\" decoding=\"async\" width=\"216\" height=\"172\" src=\"https:\/\/sportimgroup.com\/wp-content\/uploads\/2024\/11\/After-School-Program-graphic1.png\" class=\"attachment-large size-large wp-image-152\" alt=\"BasketLife Valencia\" \/>\t\t\t\t\t\t\t\t\t\t\t\t\t\t\t<\/div>\n\t\t\t\t<\/div>\n\t\t\t\t\t<\/div>\n\t\t<\/div>\n\t\t\t\t<div class=\"elementor-column elementor-col-33 elementor-inner-column elementor-element elementor-element-4d9ca39\" data-id=\"4d9ca39\" data-element_type=\"column\">\n\t\t\t<div class=\"elementor-widget-wrap elementor-element-populated\">\n\t\t\t\t\t\t<div class=\"elementor-element elementor-element-0772289 elementor-widget__width-initial elementor-widget elementor-widget-text-editor\" data-id=\"0772289\" data-element_type=\"widget\" data-widget_type=\"text-editor.default\">\n\t\t\t\t<div class=\"elementor-widget-container\">\n\t\t\t\t\t\t\t\t\t<p><strong>SPORTIM GROUP<\/strong> is not just a place to perfect sports skills. It is an environment of personal growth where athletes will learn to overcome challenges, work as a team and pursue their dreams with dedication. We offer a program that not only focuses on physical performance, but also on the 360\u00ba training of the athlete.<\/p>\t\t\t\t\t\t\t\t<\/div>\n\t\t\t\t<\/div>\n\t\t\t\t\t<\/div>\n\t\t<\/div>\n\t\t\t\t\t<\/div>\n\t\t<\/section>\n\t\t\t\t\t<\/div>\n\t\t<\/div>\n\t\t\t\t\t<\/div>\n\t\t<\/section>\n\t\t\t\t<\/div>","protected":false},"excerpt":{"rendered":"<p>sportim group Un programa deportivo para todas las edades y niveles Nuestros campamentos de baloncesto y atletismo est\u00e1n orientados a j\u00f3venes deportistas que quieras desarrollar una formaci\u00f3n deportiva. El objetivo no es solo desarrollar habilidades t\u00e9cnicas, sino fomentar valores deportivos como la perseverancia, el respeto y la autodisciplina, aspectos que formar\u00e1n\u00a0 al deportista como a [&hellip;]<\/p>","protected":false},"author":2,"featured_media":0,"parent":0,"menu_order":0,"comment_status":"closed","ping_status":"closed","template":"","meta":{"footnotes":""},"class_list":["post-18","page","type-page","status-publish","hentry"],"yoast_head":"<!-- This site is optimized with the Yoast SEO plugin v25.8 - https:\/\/yoast.com\/wordpress\/plugins\/seo\/ -->\n<title>Qui\u00e9nes somos - Sportim group<\/title>\n<meta name=\"robots\" content=\"index, follow, max-snippet:-1, max-image-preview:large, max-video-preview:-1\" \/>\n<link rel=\"canonical\" href=\"https:\/\/sportimgroup.com\/en\/quienes-somos\/\" \/>\n<meta property=\"og:locale\" content=\"en_US\" \/>\n<meta property=\"og:type\" content=\"article\" \/>\n<meta property=\"og:title\" content=\"Qui\u00e9nes somos - Sportim group\" \/>\n<meta property=\"og:description\" content=\"sportim group Un programa deportivo para todas las edades y niveles Nuestros campamentos de baloncesto y atletismo est\u00e1n orientados a j\u00f3venes deportistas que quieras desarrollar una formaci\u00f3n deportiva. El objetivo no es solo desarrollar habilidades t\u00e9cnicas, sino fomentar valores deportivos como la perseverancia, el respeto y la autodisciplina, aspectos que formar\u00e1n\u00a0 al deportista como a [&hellip;]\" \/>\n<meta property=\"og:url\" content=\"https:\/\/sportimgroup.com\/en\/quienes-somos\/\" \/>\n<meta property=\"og:site_name\" content=\"Sportim group\" \/>\n<meta property=\"article:modified_time\" content=\"2024-11-21T22:21:31+00:00\" \/>\n<meta property=\"og:image\" content=\"https:\/\/sportimgroup.com\/wp-content\/uploads\/2024\/11\/quienes-somos-4.jpg\" \/>\n\t<meta property=\"og:image:width\" content=\"850\" \/>\n\t<meta property=\"og:image:height\" content=\"360\" \/>\n\t<meta property=\"og:image:type\" content=\"image\/jpeg\" \/>\n<meta name=\"twitter:card\" content=\"summary_large_image\" \/>\n<meta name=\"twitter:label1\" content=\"Est. reading time\" \/>\n\t<meta name=\"twitter:data1\" content=\"1 minute\" \/>\n<script type=\"application\/ld+json\" class=\"yoast-schema-graph\">{\"@context\":\"https:\/\/schema.org\",\"@graph\":[{\"@type\":\"WebPage\",\"@id\":\"https:\/\/sportimgroup.com\/quienes-somos\/\",\"url\":\"https:\/\/sportimgroup.com\/quienes-somos\/\",\"name\":\"Qui\u00e9nes somos - Sportim group\",\"isPartOf\":{\"@id\":\"https:\/\/sportimgroup.com\/#website\"},\"primaryImageOfPage\":{\"@id\":\"https:\/\/sportimgroup.com\/quienes-somos\/#primaryimage\"},\"image\":{\"@id\":\"https:\/\/sportimgroup.com\/quienes-somos\/#primaryimage\"},\"thumbnailUrl\":\"https:\/\/sportimgroup.com\/wp-content\/uploads\/2024\/11\/quienes-somos-4.jpg\",\"datePublished\":\"2024-10-28T13:14:31+00:00\",\"dateModified\":\"2024-11-21T22:21:31+00:00\",\"breadcrumb\":{\"@id\":\"https:\/\/sportimgroup.com\/quienes-somos\/#breadcrumb\"},\"inLanguage\":\"en-US\",\"potentialAction\":[{\"@type\":\"ReadAction\",\"target\":[\"https:\/\/sportimgroup.com\/quienes-somos\/\"]}]},{\"@type\":\"ImageObject\",\"inLanguage\":\"en-US\",\"@id\":\"https:\/\/sportimgroup.com\/quienes-somos\/#primaryimage\",\"url\":\"https:\/\/sportimgroup.com\/wp-content\/uploads\/2024\/11\/quienes-somos-4.jpg\",\"contentUrl\":\"https:\/\/sportimgroup.com\/wp-content\/uploads\/2024\/11\/quienes-somos-4.jpg\"},{\"@type\":\"BreadcrumbList\",\"@id\":\"https:\/\/sportimgroup.com\/quienes-somos\/#breadcrumb\",\"itemListElement\":[{\"@type\":\"ListItem\",\"position\":1,\"name\":\"Portada\",\"item\":\"https:\/\/sportimgroup.com\/\"},{\"@type\":\"ListItem\",\"position\":2,\"name\":\"Qui\u00e9nes somos\"}]},{\"@type\":\"WebSite\",\"@id\":\"https:\/\/sportimgroup.com\/#website\",\"url\":\"https:\/\/sportimgroup.com\/\",\"name\":\"Sportim Group\",\"description\":\"Creaci&oacute;n y organizaci&oacute;n de eventos deportivos.\",\"publisher\":{\"@id\":\"https:\/\/sportimgroup.com\/#organization\"},\"potentialAction\":[{\"@type\":\"SearchAction\",\"target\":{\"@type\":\"EntryPoint\",\"urlTemplate\":\"https:\/\/sportimgroup.com\/?s={search_term_string}\"},\"query-input\":{\"@type\":\"PropertyValueSpecification\",\"valueRequired\":true,\"valueName\":\"search_term_string\"}}],\"inLanguage\":\"en-US\"},{\"@type\":\"Organization\",\"@id\":\"https:\/\/sportimgroup.com\/#organization\",\"name\":\"Sportim Group\",\"url\":\"https:\/\/sportimgroup.com\/\",\"logo\":{\"@type\":\"ImageObject\",\"inLanguage\":\"en-US\",\"@id\":\"https:\/\/sportimgroup.com\/#\/schema\/logo\/image\/\",\"url\":\"https:\/\/sportimgroup.com\/wp-content\/uploads\/2024\/11\/logo-sportim-group.png\",\"contentUrl\":\"https:\/\/sportimgroup.com\/wp-content\/uploads\/2024\/11\/logo-sportim-group.png\",\"width\":998,\"height\":238,\"caption\":\"Sportim Group\"},\"image\":{\"@id\":\"https:\/\/sportimgroup.com\/#\/schema\/logo\/image\/\"},\"sameAs\":[\"https:\/\/www.instagram.com\/sportimgroup\/\"]}]}<\/script>\n<!-- \/ Yoast SEO plugin. -->","yoast_head_json":{"title":"Qui\u00e9nes somos - Sportim group","robots":{"index":"index","follow":"follow","max-snippet":"max-snippet:-1","max-image-preview":"max-image-preview:large","max-video-preview":"max-video-preview:-1"},"canonical":"https:\/\/sportimgroup.com\/en\/quienes-somos\/","og_locale":"en_US","og_type":"article","og_title":"Qui\u00e9nes somos - Sportim group","og_description":"sportim group Un programa deportivo para todas las edades y niveles Nuestros campamentos de baloncesto y atletismo est\u00e1n orientados a j\u00f3venes deportistas que quieras desarrollar una formaci\u00f3n deportiva. El objetivo no es solo desarrollar habilidades t\u00e9cnicas, sino fomentar valores deportivos como la perseverancia, el respeto y la autodisciplina, aspectos que formar\u00e1n\u00a0 al deportista como a [&hellip;]","og_url":"https:\/\/sportimgroup.com\/en\/quienes-somos\/","og_site_name":"Sportim group","article_modified_time":"2024-11-21T22:21:31+00:00","og_image":[{"width":850,"height":360,"url":"https:\/\/sportimgroup.com\/wp-content\/uploads\/2024\/11\/quienes-somos-4.jpg","type":"image\/jpeg"}],"twitter_card":"summary_large_image","twitter_misc":{"Est. reading time":"1 minute"},"schema":{"@context":"https:\/\/schema.org","@graph":[{"@type":"WebPage","@id":"https:\/\/sportimgroup.com\/quienes-somos\/","url":"https:\/\/sportimgroup.com\/quienes-somos\/","name":"Qui\u00e9nes somos - Sportim group","isPartOf":{"@id":"https:\/\/sportimgroup.com\/#website"},"primaryImageOfPage":{"@id":"https:\/\/sportimgroup.com\/quienes-somos\/#primaryimage"},"image":{"@id":"https:\/\/sportimgroup.com\/quienes-somos\/#primaryimage"},"thumbnailUrl":"https:\/\/sportimgroup.com\/wp-content\/uploads\/2024\/11\/quienes-somos-4.jpg","datePublished":"2024-10-28T13:14:31+00:00","dateModified":"2024-11-21T22:21:31+00:00","breadcrumb":{"@id":"https:\/\/sportimgroup.com\/quienes-somos\/#breadcrumb"},"inLanguage":"en-US","potentialAction":[{"@type":"ReadAction","target":["https:\/\/sportimgroup.com\/quienes-somos\/"]}]},{"@type":"ImageObject","inLanguage":"en-US","@id":"https:\/\/sportimgroup.com\/quienes-somos\/#primaryimage","url":"https:\/\/sportimgroup.com\/wp-content\/uploads\/2024\/11\/quienes-somos-4.jpg","contentUrl":"https:\/\/sportimgroup.com\/wp-content\/uploads\/2024\/11\/quienes-somos-4.jpg"},{"@type":"BreadcrumbList","@id":"https:\/\/sportimgroup.com\/quienes-somos\/#breadcrumb","itemListElement":[{"@type":"ListItem","position":1,"name":"Portada","item":"https:\/\/sportimgroup.com\/"},{"@type":"ListItem","position":2,"name":"Qui\u00e9nes somos"}]},{"@type":"WebSite","@id":"https:\/\/sportimgroup.com\/#website","url":"https:\/\/sportimgroup.com\/","name":"Sportim Group","description":"Creaci&oacute;n y organizaci&oacute;n de eventos deportivos.","publisher":{"@id":"https:\/\/sportimgroup.com\/#organization"},"potentialAction":[{"@type":"SearchAction","target":{"@type":"EntryPoint","urlTemplate":"https:\/\/sportimgroup.com\/?s={search_term_string}"},"query-input":{"@type":"PropertyValueSpecification","valueRequired":true,"valueName":"search_term_string"}}],"inLanguage":"en-US"},{"@type":"Organization","@id":"https:\/\/sportimgroup.com\/#organization","name":"Sportim Group","url":"https:\/\/sportimgroup.com\/","logo":{"@type":"ImageObject","inLanguage":"en-US","@id":"https:\/\/sportimgroup.com\/#\/schema\/logo\/image\/","url":"https:\/\/sportimgroup.com\/wp-content\/uploads\/2024\/11\/logo-sportim-group.png","contentUrl":"https:\/\/sportimgroup.com\/wp-content\/uploads\/2024\/11\/logo-sportim-group.png","width":998,"height":238,"caption":"Sportim Group"},"image":{"@id":"https:\/\/sportimgroup.com\/#\/schema\/logo\/image\/"},"sameAs":["https:\/\/www.instagram.com\/sportimgroup\/"]}]}},"_links":{"self":[{"href":"https:\/\/sportimgroup.com\/en\/wp-json\/wp\/v2\/pages\/18","targetHints":{"allow":["GET"]}}],"collection":[{"href":"https:\/\/sportimgroup.com\/en\/wp-json\/wp\/v2\/pages"}],"about":[{"href":"https:\/\/sportimgroup.com\/en\/wp-json\/wp\/v2\/types\/page"}],"author":[{"embeddable":true,"href":"https:\/\/sportimgroup.com\/en\/wp-json\/wp\/v2\/users\/2"}],"replies":[{"embeddable":true,"href":"https:\/\/sportimgroup.com\/en\/wp-json\/wp\/v2\/comments?post=18"}],"version-history":[{"count":74,"href":"https:\/\/sportimgroup.com\/en\/wp-json\/wp\/v2\/pages\/18\/revisions"}],"predecessor-version":[{"id":1985,"href":"https:\/\/sportimgroup.com\/en\/wp-json\/wp\/v2\/pages\/18\/revisions\/1985"}],"wp:attachment":[{"href":"https:\/\/sportimgroup.com\/en\/wp-json\/wp\/v2\/media?parent=18"}],"curies":[{"name":"wp","href":"https:\/\/api.w.org\/{rel}","templated":true}]}}