{"id":966,"date":"2024-11-20T16:57:53","date_gmt":"2024-11-20T16:57:53","guid":{"rendered":"https:\/\/sportimgroup.com\/?page_id=966"},"modified":"2024-11-20T16:59:14","modified_gmt":"2024-11-20T16:59:14","slug":"politica-de-privacidad","status":"publish","type":"page","link":"https:\/\/sportimgroup.com\/en\/politica-de-privacidad\/","title":{"rendered":"Privacy policy"},"content":{"rendered":"<div data-elementor-type=\"wp-page\" data-elementor-id=\"966\" class=\"elementor elementor-966\" data-elementor-post-type=\"page\">\n\t\t\t\t\t\t<section class=\"elementor-section elementor-top-section elementor-element elementor-element-de18ccc elementor-section-boxed elementor-section-height-default elementor-section-height-default\" data-id=\"de18ccc\" data-element_type=\"section\">\n\t\t\t\t\t\t<div class=\"elementor-container elementor-column-gap-default\">\n\t\t\t\t\t<div class=\"elementor-column elementor-col-100 elementor-top-column elementor-element elementor-element-4ab44d4\" data-id=\"4ab44d4\" data-element_type=\"column\">\n\t\t\t<div class=\"elementor-widget-wrap elementor-element-populated\">\n\t\t\t\t\t\t<div class=\"elementor-element elementor-element-e2ed68e elementor-widget elementor-widget-heading\" data-id=\"e2ed68e\" data-element_type=\"widget\" data-widget_type=\"heading.default\">\n\t\t\t\t<div class=\"elementor-widget-container\">\n\t\t\t\t\t<h2 class=\"elementor-heading-title elementor-size-default\">campus sportimgroup privacy policy\n<\/h2>\t\t\t\t<\/div>\n\t\t\t\t<\/div>\n\t\t\t\t<div class=\"elementor-element elementor-element-499697c elementor-widget elementor-widget-text-editor\" data-id=\"499697c\" data-element_type=\"widget\" data-widget_type=\"text-editor.default\">\n\t\t\t\t<div class=\"elementor-widget-container\">\n\t\t\t\t\t\t\t\t\t<p>Personal Data processed for the following purposes and using the following services:<\/p><p>Contact the User<\/p><p>Contact form<br \/>Personal Data: surname(s); city; zip code; Usage data; email address; physical address; different types of Data; state; birthdate; User ID; Tax Identification; name; number of employees; fax number; Tax Identification Number for VAT purposes; phone number; country; profession; province; Web page; Trackers; company name; sex; activity area<\/p><p>View content from external platforms<br \/>YouTube Video Widget and Google Fonts<\/p><p>Personal Data: Usage Data; Trackers<\/p><p>\u00a0<\/p><p><br \/>Contact details.<br \/>3x3MADRID<br \/>MARCOS DEL OLMO PASTORIZA<br \/>C\/CERRO DE ARAGON, 34.28110.MADRID<\/p><p>Owner's contact email:\u00a0sportimgroup@gmail.com<\/p>\t\t\t\t\t\t\t\t<\/div>\n\t\t\t\t<\/div>\n\t\t\t\t\t<\/div>\n\t\t<\/div>\n\t\t\t\t\t<\/div>\n\t\t<\/section>\n\t\t\t\t<\/div>","protected":false},"excerpt":{"rendered":"<p>Pol\u00edtica de privacidad de campus sportimgroup Datos Personales tratados para las siguientes finalidades y utilizando los siguientes servicios: Contactar con el Usuario Formulario de contactoDatos Personales: apellido(s); ciudad; c\u00f3digo postal; Datos de uso; direcci\u00f3n de correo electr\u00f3nico; direcci\u00f3n f\u00edsica; distintas clases de Datos; estado; fecha de nacimiento; ID de Usuario; Identificaci\u00f3n Fiscal; nombre; n\u00famero de [&hellip;]<\/p>","protected":false},"author":2,"featured_media":0,"parent":0,"menu_order":0,"comment_status":"closed","ping_status":"closed","template":"","meta":{"footnotes":""},"class_list":["post-966","page","type-page","status-publish","hentry"],"yoast_head":"<!-- This site is optimized with the Yoast SEO plugin v25.8 - https:\/\/yoast.com\/wordpress\/plugins\/seo\/ -->\n<title>Pol\u00edtica de Privacidad - Sportim group<\/title>\n<meta name=\"robots\" content=\"index, follow, max-snippet:-1, max-image-preview:large, max-video-preview:-1\" \/>\n<link rel=\"canonical\" href=\"https:\/\/sportimgroup.com\/en\/politica-de-privacidad\/\" \/>\n<meta property=\"og:locale\" content=\"en_US\" \/>\n<meta property=\"og:type\" content=\"article\" \/>\n<meta property=\"og:title\" content=\"Pol\u00edtica de Privacidad - Sportim group\" \/>\n<meta property=\"og:description\" content=\"Pol\u00edtica de privacidad de campus sportimgroup Datos Personales tratados para las siguientes finalidades y utilizando los siguientes servicios: Contactar con el Usuario Formulario de contactoDatos Personales: apellido(s); ciudad; c\u00f3digo postal; Datos de uso; direcci\u00f3n de correo electr\u00f3nico; direcci\u00f3n f\u00edsica; distintas clases de Datos; estado; fecha de nacimiento; ID de Usuario; Identificaci\u00f3n Fiscal; nombre; n\u00famero de [&hellip;]\" \/>\n<meta property=\"og:url\" content=\"https:\/\/sportimgroup.com\/en\/politica-de-privacidad\/\" \/>\n<meta property=\"og:site_name\" content=\"Sportim group\" \/>\n<meta property=\"article:modified_time\" content=\"2024-11-20T16:59:14+00:00\" \/>\n<meta name=\"twitter:card\" content=\"summary_large_image\" \/>\n<meta name=\"twitter:label1\" content=\"Est. reading time\" \/>\n\t<meta name=\"twitter:data1\" content=\"1 minute\" \/>\n<script type=\"application\/ld+json\" class=\"yoast-schema-graph\">{\"@context\":\"https:\/\/schema.org\",\"@graph\":[{\"@type\":\"WebPage\",\"@id\":\"https:\/\/sportimgroup.com\/politica-de-privacidad\/\",\"url\":\"https:\/\/sportimgroup.com\/politica-de-privacidad\/\",\"name\":\"Pol\u00edtica de Privacidad - Sportim group\",\"isPartOf\":{\"@id\":\"https:\/\/sportimgroup.com\/#website\"},\"datePublished\":\"2024-11-20T16:57:53+00:00\",\"dateModified\":\"2024-11-20T16:59:14+00:00\",\"breadcrumb\":{\"@id\":\"https:\/\/sportimgroup.com\/politica-de-privacidad\/#breadcrumb\"},\"inLanguage\":\"en-US\",\"potentialAction\":[{\"@type\":\"ReadAction\",\"target\":[\"https:\/\/sportimgroup.com\/politica-de-privacidad\/\"]}]},{\"@type\":\"BreadcrumbList\",\"@id\":\"https:\/\/sportimgroup.com\/politica-de-privacidad\/#breadcrumb\",\"itemListElement\":[{\"@type\":\"ListItem\",\"position\":1,\"name\":\"Portada\",\"item\":\"https:\/\/sportimgroup.com\/\"},{\"@type\":\"ListItem\",\"position\":2,\"name\":\"Pol\u00edtica de Privacidad\"}]},{\"@type\":\"WebSite\",\"@id\":\"https:\/\/sportimgroup.com\/#website\",\"url\":\"https:\/\/sportimgroup.com\/\",\"name\":\"Sportim Group\",\"description\":\"Creaci&oacute;n y organizaci&oacute;n de eventos deportivos.\",\"publisher\":{\"@id\":\"https:\/\/sportimgroup.com\/#organization\"},\"potentialAction\":[{\"@type\":\"SearchAction\",\"target\":{\"@type\":\"EntryPoint\",\"urlTemplate\":\"https:\/\/sportimgroup.com\/?s={search_term_string}\"},\"query-input\":{\"@type\":\"PropertyValueSpecification\",\"valueRequired\":true,\"valueName\":\"search_term_string\"}}],\"inLanguage\":\"en-US\"},{\"@type\":\"Organization\",\"@id\":\"https:\/\/sportimgroup.com\/#organization\",\"name\":\"Sportim Group\",\"url\":\"https:\/\/sportimgroup.com\/\",\"logo\":{\"@type\":\"ImageObject\",\"inLanguage\":\"en-US\",\"@id\":\"https:\/\/sportimgroup.com\/#\/schema\/logo\/image\/\",\"url\":\"https:\/\/sportimgroup.com\/wp-content\/uploads\/2024\/11\/logo-sportim-group.png\",\"contentUrl\":\"https:\/\/sportimgroup.com\/wp-content\/uploads\/2024\/11\/logo-sportim-group.png\",\"width\":998,\"height\":238,\"caption\":\"Sportim Group\"},\"image\":{\"@id\":\"https:\/\/sportimgroup.com\/#\/schema\/logo\/image\/\"},\"sameAs\":[\"https:\/\/www.instagram.com\/sportimgroup\/\"]}]}<\/script>\n<!-- \/ Yoast SEO plugin. -->","yoast_head_json":{"title":"Pol\u00edtica de Privacidad - Sportim group","robots":{"index":"index","follow":"follow","max-snippet":"max-snippet:-1","max-image-preview":"max-image-preview:large","max-video-preview":"max-video-preview:-1"},"canonical":"https:\/\/sportimgroup.com\/en\/politica-de-privacidad\/","og_locale":"en_US","og_type":"article","og_title":"Pol\u00edtica de Privacidad - Sportim group","og_description":"Pol\u00edtica de privacidad de campus sportimgroup Datos Personales tratados para las siguientes finalidades y utilizando los siguientes servicios: Contactar con el Usuario Formulario de contactoDatos Personales: apellido(s); ciudad; c\u00f3digo postal; Datos de uso; direcci\u00f3n de correo electr\u00f3nico; direcci\u00f3n f\u00edsica; distintas clases de Datos; estado; fecha de nacimiento; ID de Usuario; Identificaci\u00f3n Fiscal; nombre; n\u00famero de [&hellip;]","og_url":"https:\/\/sportimgroup.com\/en\/politica-de-privacidad\/","og_site_name":"Sportim group","article_modified_time":"2024-11-20T16:59:14+00:00","twitter_card":"summary_large_image","twitter_misc":{"Est. reading time":"1 minute"},"schema":{"@context":"https:\/\/schema.org","@graph":[{"@type":"WebPage","@id":"https:\/\/sportimgroup.com\/politica-de-privacidad\/","url":"https:\/\/sportimgroup.com\/politica-de-privacidad\/","name":"Pol\u00edtica de Privacidad - Sportim group","isPartOf":{"@id":"https:\/\/sportimgroup.com\/#website"},"datePublished":"2024-11-20T16:57:53+00:00","dateModified":"2024-11-20T16:59:14+00:00","breadcrumb":{"@id":"https:\/\/sportimgroup.com\/politica-de-privacidad\/#breadcrumb"},"inLanguage":"en-US","potentialAction":[{"@type":"ReadAction","target":["https:\/\/sportimgroup.com\/politica-de-privacidad\/"]}]},{"@type":"BreadcrumbList","@id":"https:\/\/sportimgroup.com\/politica-de-privacidad\/#breadcrumb","itemListElement":[{"@type":"ListItem","position":1,"name":"Portada","item":"https:\/\/sportimgroup.com\/"},{"@type":"ListItem","position":2,"name":"Pol\u00edtica de Privacidad"}]},{"@type":"WebSite","@id":"https:\/\/sportimgroup.com\/#website","url":"https:\/\/sportimgroup.com\/","name":"Sportim Group","description":"Creaci&oacute;n y organizaci&oacute;n de eventos deportivos.","publisher":{"@id":"https:\/\/sportimgroup.com\/#organization"},"potentialAction":[{"@type":"SearchAction","target":{"@type":"EntryPoint","urlTemplate":"https:\/\/sportimgroup.com\/?s={search_term_string}"},"query-input":{"@type":"PropertyValueSpecification","valueRequired":true,"valueName":"search_term_string"}}],"inLanguage":"en-US"},{"@type":"Organization","@id":"https:\/\/sportimgroup.com\/#organization","name":"Sportim Group","url":"https:\/\/sportimgroup.com\/","logo":{"@type":"ImageObject","inLanguage":"en-US","@id":"https:\/\/sportimgroup.com\/#\/schema\/logo\/image\/","url":"https:\/\/sportimgroup.com\/wp-content\/uploads\/2024\/11\/logo-sportim-group.png","contentUrl":"https:\/\/sportimgroup.com\/wp-content\/uploads\/2024\/11\/logo-sportim-group.png","width":998,"height":238,"caption":"Sportim Group"},"image":{"@id":"https:\/\/sportimgroup.com\/#\/schema\/logo\/image\/"},"sameAs":["https:\/\/www.instagram.com\/sportimgroup\/"]}]}},"_links":{"self":[{"href":"https:\/\/sportimgroup.com\/en\/wp-json\/wp\/v2\/pages\/966","targetHints":{"allow":["GET"]}}],"collection":[{"href":"https:\/\/sportimgroup.com\/en\/wp-json\/wp\/v2\/pages"}],"about":[{"href":"https:\/\/sportimgroup.com\/en\/wp-json\/wp\/v2\/types\/page"}],"author":[{"embeddable":true,"href":"https:\/\/sportimgroup.com\/en\/wp-json\/wp\/v2\/users\/2"}],"replies":[{"embeddable":true,"href":"https:\/\/sportimgroup.com\/en\/wp-json\/wp\/v2\/comments?post=966"}],"version-history":[{"count":4,"href":"https:\/\/sportimgroup.com\/en\/wp-json\/wp\/v2\/pages\/966\/revisions"}],"predecessor-version":[{"id":970,"href":"https:\/\/sportimgroup.com\/en\/wp-json\/wp\/v2\/pages\/966\/revisions\/970"}],"wp:attachment":[{"href":"https:\/\/sportimgroup.com\/en\/wp-json\/wp\/v2\/media?parent=966"}],"curies":[{"name":"wp","href":"https:\/\/api.w.org\/{rel}","templated":true}]}}