{"id":979,"date":"2024-11-20T17:03:04","date_gmt":"2024-11-20T17:03:04","guid":{"rendered":"https:\/\/sportimgroup.com\/?page_id=979"},"modified":"2024-11-20T17:05:07","modified_gmt":"2024-11-20T17:05:07","slug":"politica-de-cookies","status":"publish","type":"page","link":"https:\/\/sportimgroup.com\/en\/politica-de-cookies\/","title":{"rendered":"Cookies policy"},"content":{"rendered":"<div data-elementor-type=\"wp-page\" data-elementor-id=\"979\" class=\"elementor elementor-979\" data-elementor-post-type=\"page\">\n\t\t\t\t\t\t<section class=\"elementor-section elementor-top-section elementor-element elementor-element-9ab1866 elementor-section-boxed elementor-section-height-default elementor-section-height-default\" data-id=\"9ab1866\" data-element_type=\"section\">\n\t\t\t\t\t\t<div class=\"elementor-container elementor-column-gap-default\">\n\t\t\t\t\t<div class=\"elementor-column elementor-col-100 elementor-top-column elementor-element elementor-element-217ffd9\" data-id=\"217ffd9\" data-element_type=\"column\">\n\t\t\t<div class=\"elementor-widget-wrap elementor-element-populated\">\n\t\t\t\t\t\t<div class=\"elementor-element elementor-element-3b28c50 elementor-widget elementor-widget-heading\" data-id=\"3b28c50\" data-element_type=\"widget\" data-widget_type=\"heading.default\">\n\t\t\t\t<div class=\"elementor-widget-container\">\n\t\t\t\t\t<h2 class=\"elementor-heading-title elementor-size-default\">Pol\u00edtica de Cookies de campus sportimgroup\n<\/h2>\t\t\t\t<\/div>\n\t\t\t\t<\/div>\n\t\t\t\t<div class=\"elementor-element elementor-element-6104b8f elementor-widget elementor-widget-text-editor\" data-id=\"6104b8f\" data-element_type=\"widget\" data-widget_type=\"text-editor.default\">\n\t\t\t\t<div class=\"elementor-widget-container\">\n\t\t\t\t\t\t\t\t\t<p>El presente documento informa a los Usuarios sobre las tecnolog\u00edas que ayudan esta P\u00e1gina Web a lograr los fines descritos a continuaci\u00f3n. Dichas tecnolog\u00edas permiten al Titular acceder a informaci\u00f3n y almacenarla (por ejemplo, utilizando una Cookie) o emplear recursos (por ejemplo, ejecutando un script) en el dispositivo de un Usuario mientras este interact\u00faa con esta P\u00e1gina Web.<\/p><p>Para simplificar, en el presente documento toda esta clase de tecnolog\u00edas se define como \u00abRastreadores\u00bb, salvo que exista un motivo para diferenciarlas.<br \/>Por ejemplo, mientras que las Cookies se pueden emplear en navegadores web y m\u00f3viles, ser\u00eda inexacto hablar de Cookies en el contexto de las aplicaciones m\u00f3viles ya que son rastreadores basados en navegadores. Por este motivo, en el presente documento, el t\u00e9rmino Cookies \u00fanicamente se utilizar\u00e1 cuando se emplee espec\u00edficamente para designar este tipo concreto de Rastreador.<\/p><p>Es posible que algunas de las finalidades para las que se utilizan Rastreadores exijan el consentimiento del Usuario. Siempre que se otorgue el consentimiento, este podr\u00e1 revocarse libremente en cualquier momento siguiendo las instrucciones facilitadas en el presente documento.<\/p><p>Esta P\u00e1gina Web utiliza Rastreadores gestionados directamente por el Titular (denominados Rastreadores \u201cde origen\u00bb) y Rastreadores que hacen posibles servicios prestados por un tercero (denominados Rastreadores \u201cde terceros\u201d). Salvo que se indique lo contrario en el presente documento, los terceros proveedores podr\u00e1n acceder a los Rastreadores que gestionen.<br \/>Los plazos de validez y expiraci\u00f3n de las Cookies y otros Rastreadores similares pueden variar dependiendo de la duraci\u00f3n establecida por el Titular o el proveedor correspondiente. Algunas de ellas expiran a la finalizaci\u00f3n de la sesi\u00f3n de navegaci\u00f3n del Usuario.<br \/>Adem\u00e1s de lo especificado en las descripciones que aparecen en cada una de las categor\u00edas indicadas m\u00e1s adelante, los Usuarios podr\u00e1n encontrar informaci\u00f3n m\u00e1s precisa y actualizada acerca de las especificaciones de duraci\u00f3n, as\u00ed como cualquier otra informaci\u00f3n relevante \u2013 como la presencia de otros Rastreadores &#8211; en las pol\u00edticas de privacidad de los terceros proveedores correspondientes para las que se proporcionan enlaces o contactando con el Titular.<\/p><p>\u00a0<\/p><p><strong>C\u00f3mo esta P\u00e1gina Web utiliza Rastreadores<\/strong><\/p><p><strong>Necesarios<\/strong><\/p><p>Esta P\u00e1gina Web utiliza Cookies denominadas \u201ct\u00e9cnicas\u201d y otros Rastreadores similares para llevar a cabo actividades que son estrictamente necesarias para el funcionamiento o la prestaci\u00f3n del Servicio.<\/p><p>\u00a0<\/p><p><strong>Rastreadores t\u00e9cnicos<\/strong><\/p><p>Duraci\u00f3n del almacenamiento: indefinida<\/p><p>Funcionalidad<\/p><p>Esta P\u00e1gina Web utiliza Rastreadores para hacer posibles interacciones y funcionalidades b\u00e1sicas, lo que permite a los Usuarios acceder a determinadas caracter\u00edsticas del Servicio y facilita la comunicaci\u00f3n de los Usuarios con el Titular.<\/p><p>Rastreadores gestionados directamente por el Titular<\/p><p>Formulario de contacto (esta P\u00e1gina Web)<br \/>Experiencia<\/p><p>Esta P\u00e1gina Web utiliza Rastreadores para mejorar la calidad de la experiencia de usuario y permitir la interacci\u00f3n con contenidos, redes y plataformas externos.<\/p><p>\u00a0<\/p><p><strong>Rastreadores gestionados por terceros<\/strong><\/p><p>Widget V\u00eddeo YouTube<br \/>Google Fonts<br \/>Como gestionar las preferencias en esta P\u00e1gina Web<\/p><p>Los Usuarios pueden establecer o actualizar sus preferencias a trav\u00e9s del panel de opciones de privacidad relevante que est\u00e1 disponible en esta P\u00e1gina Web.<\/p><p>En cuanto a los Rastreadores de terceros, los Usuarios podr\u00e1n gestionar sus preferencias a trav\u00e9s del enlace de inhabilitaci\u00f3n relacionado (cuando exista), utilizando los medios indicados en la pol\u00edtica de privacidad del tercero o contactando con dicho tercero.<\/p><p>C\u00f3mo controlar o borrar Cookies y tecnolog\u00edas similares mediante las opciones de configuraci\u00f3n de tu dispositivo<\/p><p>Los Usuarios pueden emplear la configuraci\u00f3n de su propio navegador para:<\/p><p>Ver qu\u00e9 Cookies u otras tecnolog\u00edas similares se han establecido en el dispositivo;<br \/>Bloquear las Cookies o tecnolog\u00edas similares;<br \/>Eliminar las Cookies o tecnolog\u00edas similares del navegador.<br \/>La configuraci\u00f3n del navegador, sin embargo, no permite el control granular del consentimiento por categor\u00edas.<\/p><p>Por ejemplo, los Usuarios podr\u00e1n encontrar informaci\u00f3n sobre c\u00f3mo gestionar las Cookies en los navegadores de uso m\u00e1s frecuente en las siguientes direcciones:<\/p><p>Google Chrome<br \/>Mozilla Firefox<br \/>Apple Safari<br \/>Microsoft Internet Explorer<br \/>Microsoft Edge<br \/>Brave<br \/>Opera<\/p><p><br \/>Los Usuarios tambi\u00e9n podr\u00e1n gestionar determinadas categor\u00edas de Rastreadores utilizados en aplicaciones m\u00f3viles inhabilit\u00e1ndolos a trav\u00e9s de la configuraci\u00f3n del dispositivo relevante, como la configuraci\u00f3n de publicidad del dispositivo para dispositivos m\u00f3viles o la configuraci\u00f3n de rastreo en general (los Usuarios podr\u00e1n abrir la configuraci\u00f3n del dispositivo y buscar la opci\u00f3n relevante).<\/p><p>\u00a0<\/p><p><strong>Consecuencias de no permitir el uso de Rastreadores<\/strong><\/p><p>Los Usuarios pueden decidir libremente si permitir o no el uso de Rastreadores. Sin embargo, debe se\u00f1alarse que los Rastreadores ayudan a esta P\u00e1gina Web a proporcionar a los Usuarios una mejor experiencia y funcionalidades avanzadas (en l\u00ednea con las finalidades indicadas en el presente documento). Por lo tanto, si el Usuario decide bloquear el uso de los Rastreadores, es posible que el Titular no pueda proporcionar las caracter\u00edsticas relacionadas.<\/p><p>\u00a0<\/p><p>Titular y Responsable de Tratamiento<\/p><p>3X3MADRID<br \/>NOMBRE<br \/>C\/CERRO DE ARAGON,34.28110.MADRID<\/p><p>Owner's contact email:\u00a0sportimgroup@gmail.com<\/p><p>Dado que el Titular no puede controlar por completo el uso de Rastreadores de terceros a trav\u00e9s de esta P\u00e1gina Web, cualquier referencia espec\u00edfica a Rastreadores de terceros se considerar\u00e1 orientativa. Con el fin de obtener informaci\u00f3n completa, se ruega a los Usuarios que consulten las correspondientes pol\u00edticas de privacidad de los servicios de terceros enumerados en el presente documento.<\/p><p>En vista de la complejidad objetiva que rodea a las tecnolog\u00edas de seguimiento, se anima a los Usuarios a contactar con el Titular en caso de que deseen recibir informaci\u00f3n adicional sobre el uso de dichas tecnolog\u00edas por esta P\u00e1gina Web.<\/p><p>Definiciones y referencias legales<\/p>\t\t\t\t\t\t\t\t<\/div>\n\t\t\t\t<\/div>\n\t\t\t\t\t<\/div>\n\t\t<\/div>\n\t\t\t\t\t<\/div>\n\t\t<\/section>\n\t\t\t\t<\/div>","protected":false},"excerpt":{"rendered":"<p>Pol\u00edtica de Cookies de campus sportimgroup El presente documento informa a los Usuarios sobre las tecnolog\u00edas que ayudan esta P\u00e1gina Web a lograr los fines descritos a continuaci\u00f3n. Dichas tecnolog\u00edas permiten al Titular acceder a informaci\u00f3n y almacenarla (por ejemplo, utilizando una Cookie) o emplear recursos (por ejemplo, ejecutando un script) en el dispositivo de [&hellip;]<\/p>","protected":false},"author":2,"featured_media":0,"parent":0,"menu_order":0,"comment_status":"closed","ping_status":"closed","template":"","meta":{"footnotes":""},"class_list":["post-979","page","type-page","status-publish","hentry"],"yoast_head":"<!-- This site is optimized with the Yoast SEO plugin v25.8 - https:\/\/yoast.com\/wordpress\/plugins\/seo\/ -->\n<title>Pol\u00edtica de Cookies - Sportim group<\/title>\n<meta name=\"robots\" content=\"index, follow, max-snippet:-1, max-image-preview:large, max-video-preview:-1\" \/>\n<link rel=\"canonical\" href=\"https:\/\/sportimgroup.com\/en\/politica-de-cookies\/\" \/>\n<meta property=\"og:locale\" content=\"en_US\" \/>\n<meta property=\"og:type\" content=\"article\" \/>\n<meta property=\"og:title\" content=\"Pol\u00edtica de Cookies - Sportim group\" \/>\n<meta property=\"og:description\" content=\"Pol\u00edtica de Cookies de campus sportimgroup El presente documento informa a los Usuarios sobre las tecnolog\u00edas que ayudan esta P\u00e1gina Web a lograr los fines descritos a continuaci\u00f3n. Dichas tecnolog\u00edas permiten al Titular acceder a informaci\u00f3n y almacenarla (por ejemplo, utilizando una Cookie) o emplear recursos (por ejemplo, ejecutando un script) en el dispositivo de [&hellip;]\" \/>\n<meta property=\"og:url\" content=\"https:\/\/sportimgroup.com\/en\/politica-de-cookies\/\" \/>\n<meta property=\"og:site_name\" content=\"Sportim group\" \/>\n<meta property=\"article:modified_time\" content=\"2024-11-20T17:05:07+00:00\" \/>\n<meta name=\"twitter:card\" content=\"summary_large_image\" \/>\n<meta name=\"twitter:label1\" content=\"Est. reading time\" \/>\n\t<meta name=\"twitter:data1\" content=\"5 minutes\" \/>\n<script type=\"application\/ld+json\" class=\"yoast-schema-graph\">{\"@context\":\"https:\/\/schema.org\",\"@graph\":[{\"@type\":\"WebPage\",\"@id\":\"https:\/\/sportimgroup.com\/politica-de-cookies\/\",\"url\":\"https:\/\/sportimgroup.com\/politica-de-cookies\/\",\"name\":\"Pol\u00edtica de Cookies - Sportim group\",\"isPartOf\":{\"@id\":\"https:\/\/sportimgroup.com\/#website\"},\"datePublished\":\"2024-11-20T17:03:04+00:00\",\"dateModified\":\"2024-11-20T17:05:07+00:00\",\"breadcrumb\":{\"@id\":\"https:\/\/sportimgroup.com\/politica-de-cookies\/#breadcrumb\"},\"inLanguage\":\"en-US\",\"potentialAction\":[{\"@type\":\"ReadAction\",\"target\":[\"https:\/\/sportimgroup.com\/politica-de-cookies\/\"]}]},{\"@type\":\"BreadcrumbList\",\"@id\":\"https:\/\/sportimgroup.com\/politica-de-cookies\/#breadcrumb\",\"itemListElement\":[{\"@type\":\"ListItem\",\"position\":1,\"name\":\"Portada\",\"item\":\"https:\/\/sportimgroup.com\/\"},{\"@type\":\"ListItem\",\"position\":2,\"name\":\"Pol\u00edtica de Cookies\"}]},{\"@type\":\"WebSite\",\"@id\":\"https:\/\/sportimgroup.com\/#website\",\"url\":\"https:\/\/sportimgroup.com\/\",\"name\":\"Sportim Group\",\"description\":\"Creaci&oacute;n y organizaci&oacute;n de eventos deportivos.\",\"publisher\":{\"@id\":\"https:\/\/sportimgroup.com\/#organization\"},\"potentialAction\":[{\"@type\":\"SearchAction\",\"target\":{\"@type\":\"EntryPoint\",\"urlTemplate\":\"https:\/\/sportimgroup.com\/?s={search_term_string}\"},\"query-input\":{\"@type\":\"PropertyValueSpecification\",\"valueRequired\":true,\"valueName\":\"search_term_string\"}}],\"inLanguage\":\"en-US\"},{\"@type\":\"Organization\",\"@id\":\"https:\/\/sportimgroup.com\/#organization\",\"name\":\"Sportim Group\",\"url\":\"https:\/\/sportimgroup.com\/\",\"logo\":{\"@type\":\"ImageObject\",\"inLanguage\":\"en-US\",\"@id\":\"https:\/\/sportimgroup.com\/#\/schema\/logo\/image\/\",\"url\":\"https:\/\/sportimgroup.com\/wp-content\/uploads\/2024\/11\/logo-sportim-group.png\",\"contentUrl\":\"https:\/\/sportimgroup.com\/wp-content\/uploads\/2024\/11\/logo-sportim-group.png\",\"width\":998,\"height\":238,\"caption\":\"Sportim Group\"},\"image\":{\"@id\":\"https:\/\/sportimgroup.com\/#\/schema\/logo\/image\/\"},\"sameAs\":[\"https:\/\/www.instagram.com\/sportimgroup\/\"]}]}<\/script>\n<!-- \/ Yoast SEO plugin. -->","yoast_head_json":{"title":"Pol\u00edtica de Cookies - Sportim group","robots":{"index":"index","follow":"follow","max-snippet":"max-snippet:-1","max-image-preview":"max-image-preview:large","max-video-preview":"max-video-preview:-1"},"canonical":"https:\/\/sportimgroup.com\/en\/politica-de-cookies\/","og_locale":"en_US","og_type":"article","og_title":"Pol\u00edtica de Cookies - Sportim group","og_description":"Pol\u00edtica de Cookies de campus sportimgroup El presente documento informa a los Usuarios sobre las tecnolog\u00edas que ayudan esta P\u00e1gina Web a lograr los fines descritos a continuaci\u00f3n. Dichas tecnolog\u00edas permiten al Titular acceder a informaci\u00f3n y almacenarla (por ejemplo, utilizando una Cookie) o emplear recursos (por ejemplo, ejecutando un script) en el dispositivo de [&hellip;]","og_url":"https:\/\/sportimgroup.com\/en\/politica-de-cookies\/","og_site_name":"Sportim group","article_modified_time":"2024-11-20T17:05:07+00:00","twitter_card":"summary_large_image","twitter_misc":{"Est. reading time":"5 minutes"},"schema":{"@context":"https:\/\/schema.org","@graph":[{"@type":"WebPage","@id":"https:\/\/sportimgroup.com\/politica-de-cookies\/","url":"https:\/\/sportimgroup.com\/politica-de-cookies\/","name":"Pol\u00edtica de Cookies - Sportim group","isPartOf":{"@id":"https:\/\/sportimgroup.com\/#website"},"datePublished":"2024-11-20T17:03:04+00:00","dateModified":"2024-11-20T17:05:07+00:00","breadcrumb":{"@id":"https:\/\/sportimgroup.com\/politica-de-cookies\/#breadcrumb"},"inLanguage":"en-US","potentialAction":[{"@type":"ReadAction","target":["https:\/\/sportimgroup.com\/politica-de-cookies\/"]}]},{"@type":"BreadcrumbList","@id":"https:\/\/sportimgroup.com\/politica-de-cookies\/#breadcrumb","itemListElement":[{"@type":"ListItem","position":1,"name":"Portada","item":"https:\/\/sportimgroup.com\/"},{"@type":"ListItem","position":2,"name":"Pol\u00edtica de Cookies"}]},{"@type":"WebSite","@id":"https:\/\/sportimgroup.com\/#website","url":"https:\/\/sportimgroup.com\/","name":"Sportim Group","description":"Creaci&oacute;n y organizaci&oacute;n de eventos deportivos.","publisher":{"@id":"https:\/\/sportimgroup.com\/#organization"},"potentialAction":[{"@type":"SearchAction","target":{"@type":"EntryPoint","urlTemplate":"https:\/\/sportimgroup.com\/?s={search_term_string}"},"query-input":{"@type":"PropertyValueSpecification","valueRequired":true,"valueName":"search_term_string"}}],"inLanguage":"en-US"},{"@type":"Organization","@id":"https:\/\/sportimgroup.com\/#organization","name":"Sportim Group","url":"https:\/\/sportimgroup.com\/","logo":{"@type":"ImageObject","inLanguage":"en-US","@id":"https:\/\/sportimgroup.com\/#\/schema\/logo\/image\/","url":"https:\/\/sportimgroup.com\/wp-content\/uploads\/2024\/11\/logo-sportim-group.png","contentUrl":"https:\/\/sportimgroup.com\/wp-content\/uploads\/2024\/11\/logo-sportim-group.png","width":998,"height":238,"caption":"Sportim Group"},"image":{"@id":"https:\/\/sportimgroup.com\/#\/schema\/logo\/image\/"},"sameAs":["https:\/\/www.instagram.com\/sportimgroup\/"]}]}},"_links":{"self":[{"href":"https:\/\/sportimgroup.com\/en\/wp-json\/wp\/v2\/pages\/979","targetHints":{"allow":["GET"]}}],"collection":[{"href":"https:\/\/sportimgroup.com\/en\/wp-json\/wp\/v2\/pages"}],"about":[{"href":"https:\/\/sportimgroup.com\/en\/wp-json\/wp\/v2\/types\/page"}],"author":[{"embeddable":true,"href":"https:\/\/sportimgroup.com\/en\/wp-json\/wp\/v2\/users\/2"}],"replies":[{"embeddable":true,"href":"https:\/\/sportimgroup.com\/en\/wp-json\/wp\/v2\/comments?post=979"}],"version-history":[{"count":4,"href":"https:\/\/sportimgroup.com\/en\/wp-json\/wp\/v2\/pages\/979\/revisions"}],"predecessor-version":[{"id":983,"href":"https:\/\/sportimgroup.com\/en\/wp-json\/wp\/v2\/pages\/979\/revisions\/983"}],"wp:attachment":[{"href":"https:\/\/sportimgroup.com\/en\/wp-json\/wp\/v2\/media?parent=979"}],"curies":[{"name":"wp","href":"https:\/\/api.w.org\/{rel}","templated":true}]}}